{"id":398,"date":"2022-11-02T00:17:59","date_gmt":"2022-11-02T00:17:59","guid":{"rendered":"https:\/\/byauristudio.com\/?page_id=398"},"modified":"2022-11-03T00:50:39","modified_gmt":"2022-11-03T00:50:39","slug":"mentions-legales","status":"publish","type":"page","link":"https:\/\/byauristudio.com\/?page_id=398","title":{"rendered":"Mentions l\u00e9gales"},"content":{"rendered":"\t\t<div data-elementor-type=\"wp-page\" data-elementor-id=\"398\" class=\"elementor elementor-398\">\n\t\t\t\t\t\t<section class=\"elementor-section elementor-top-section elementor-element elementor-element-8752ece elementor-section-boxed elementor-section-height-default elementor-section-height-default parallax_section_no qode_elementor_container_no\" data-id=\"8752ece\" data-element_type=\"section\">\n\t\t\t\t\t\t<div class=\"elementor-container elementor-column-gap-default\">\n\t\t\t\t\t<div class=\"elementor-column elementor-col-100 elementor-top-column elementor-element elementor-element-4235ecc\" data-id=\"4235ecc\" data-element_type=\"column\">\n\t\t\t<div class=\"elementor-widget-wrap elementor-element-populated\">\n\t\t\t\t\t\t<div class=\"elementor-element elementor-element-7fec3383 elementor-widget elementor-widget-text-editor\" data-id=\"7fec3383\" data-element_type=\"widget\" data-widget_type=\"text-editor.default\">\n\t\t\t\t<div class=\"elementor-widget-container\">\n\t\t\t\t\t\t\t\t\t<p><\/p>\n<h1 class=\"wp-block-heading\">Mention l\u00e9gales<\/h1>\n<p>\u00a0<\/p>\n<p>Conform\u00e9ment aux dispositions des Articles 6-III et 19 de la Loi n\u00b02004-575 du 21 juin 2004 pour la Confiance dans l\u2019\u00e9conomie num\u00e9rique, dite L.C.E.N., il est port\u00e9 \u00e0 la connaissance des Utilisateurs du site les pr\u00e9sentes mentions l\u00e9gales.<\/p>\n<p>La connexion et la navigation sur le site <a href=\"https:\/\/byauristudio.com\">byauristudio.com<\/a>\u00a0par l\u2019Utilisateur implique acceptation int\u00e9grale et sans r\u00e9serve des pr\u00e9sentes mentions l\u00e9gales.<\/p>\n<p>Ces derni\u00e8res sont accessibles sur le site \u00e0 la rubrique \u00ab Mentions l\u00e9gales \u00bb.<\/p>\n<p>\u00a0<\/p>\n<p><strong>ARTICLE 1 : L\u2019\u00e9diteur<\/strong><\/p>\n<p>L\u2019\u00e9dition du site\u00a0est assur\u00e9e par la EI By Auri Studio, immatricul\u00e9e au RCS de Pointe-\u00e0-Pitre sous le num\u00e9ro 920 246 378, num\u00e9ro de t\u00e9l\u00e9phone 0690 06 11 56, adresse e-mail :\u00a0<a>hello@byauristudio.com<\/a><\/p>\n<p>La directrice de la publication est VILO Auriane<\/p>\n<p>\u00a0<\/p>\n<p><strong>ARTICLE 2 : L\u2019h\u00e9bergeur<\/strong><\/p>\n<p>La soci\u00e9t\u00e9 Hostinger dont le si\u00e8ge social est situ\u00e9 \u00e0 <b>HOSTINGER INTERNATIONAL LTD, 61 Lordou Vironos Street, 6023 Larnaca, Chypre<\/b>,<\/p>\n<p>\u00a0<\/p>\n<p><strong>ARTICLE 3 : Acc\u00e8s au site<\/strong><\/p>\n<p>Le site est accessible par tout endroit, 7j\/7, 24h\/24 sauf cas de force majeure, interruption programm\u00e9e ou non et pouvant d\u00e9coulant d\u2019une n\u00e9cessit\u00e9 de maintenance.<\/p>\n<p>En cas de modification, interruption ou suspension des services le site <a href=\"https:\/\/byauristudio.com\">www.byauristudio.com<\/a> ne saurait \u00eatre tenu responsable.<\/p>\n<p>\u00a0<\/p>\n<p><strong>ARTICLE 4 : Collecte des donn\u00e9es<\/strong><\/p>\n<p>Le site assure \u00e0 l\u2019Utilisateur une collecte et un traitement d\u2019informations personnelles dans le respect de la vie priv\u00e9e conform\u00e9ment \u00e0 la loi n\u00b078-17 du 6 janvier 1978 relative \u00e0 l\u2019informatique, aux fichiers et aux libert\u00e9s.<\/p>\n<p>En vertu de la loi Informatique et Libert\u00e9s, en date du 6 janvier 1978, l\u2019Utilisateur dispose d\u2019un droit d\u2019acc\u00e8s, de rectification, de suppression et d\u2019opposition de ses donn\u00e9es personnelles. L\u2019Utilisateur exerce ce droit : par mail \u00e0 l\u2019adresse email<\/p>\n<p>\u00a0<\/p>\n<p><strong>ARTICLE 5 : Cookies<\/strong><\/p>\n<p>L\u2019Utilisateur est inform\u00e9 que lors de ses visites sur le site, un cookie peut s\u2019installer automatiquement sur son logiciel de navigation.<\/p>\n<p>En naviguant sur le site, il les accepte.<\/p>\n<p>Un cookie est un \u00e9l\u00e9ment qui ne permet pas d\u2019identifier l\u2019Utilisateur mais sert \u00e0 enregistrer des informations relatives \u00e0 la navigation de celui-ci sur le site Internet.<\/p>\n<p>L\u2019utilisateur pourra d\u00e9sactiver ce cookie par l\u2019interm\u00e9diaire des param\u00e8tres figurant au sein de son logiciel de navigation.<\/p>\n<p>\u00a0<\/p>\n<p><strong>ARTICLE 6 : Propri\u00e9t\u00e9 intellectuelle<\/strong><\/p>\n<p>Toute utilisation, reproduction, diffusion, commercialisation, modification de toute ou partie du site\u00a0, sans autorisation de l\u2019Editeur est prohib\u00e9e et pourra entra\u00eener des actions et poursuites judiciaires telles que notamment pr\u00e9vues par le Code de la propri\u00e9t\u00e9 intellectuelle et le Code civil.<\/p>\n<p>\u00a0<\/p>\n<p><strong>ARTICLE 7 : Le vendeur<\/strong><\/p>\n<p>L\u2019enseigne commerciale By Auri Studio , Entreprise Individuel dont le si\u00e8ge est situ\u00e9 au 278 Impasse Capet Labrousse Gosier, Guadeloupe immatricul\u00e9e au RCS de Pointe-\u00e0-Pitre sous le num\u00e9ro 920 246 378 00011, repr\u00e9sent\u00e9e par Madame Auriane VILO en qualit\u00e9 de G\u00e9rante, d\u00fbment habilit\u00e9e aux fins des pr\u00e9sentes.<\/p>\n<p><\/p>\t\t\t\t\t\t\t\t<\/div>\n\t\t\t\t<\/div>\n\t\t\t\t\t<\/div>\n\t\t<\/div>\n\t\t\t\t\t<\/div>\n\t\t<\/section>\n\t\t\t\t<\/div>\n\t\t","protected":false},"excerpt":{"rendered":"<p>Mention l\u00e9gales \u00a0 Conform\u00e9ment aux dispositions des Articles 6-III et 19 de la Loi n\u00b02004-575 du 21 juin 2004 pour la Confiance dans l\u2019\u00e9conomie num\u00e9rique, dite L.C.E.N., il est port\u00e9 \u00e0 la connaissance des Utilisateurs du site les pr\u00e9sentes mentions l\u00e9gales. La connexion et la&#8230;<\/p>\n","protected":false},"author":1,"featured_media":0,"parent":0,"menu_order":0,"comment_status":"closed","ping_status":"closed","template":"","meta":{"om_disable_all_campaigns":false,"_monsterinsights_skip_tracking":false,"_monsterinsights_sitenote_active":false,"_monsterinsights_sitenote_note":"","_monsterinsights_sitenote_category":0,"ngg_post_thumbnail":0,"footnotes":""},"aioseo_notices":[],"yoast_head":"<!-- This site is optimized with the Yoast SEO plugin v23.5 - https:\/\/yoast.com\/wordpress\/plugins\/seo\/ -->\n<title>Mentions l\u00e9gales - By Auri Studio<\/title>\n<meta name=\"robots\" content=\"index, follow, max-snippet:-1, max-image-preview:large, max-video-preview:-1\" \/>\n<link rel=\"canonical\" href=\"https:\/\/byauristudio.com\/?page_id=398\" \/>\n<meta property=\"og:locale\" content=\"en_US\" \/>\n<meta property=\"og:type\" content=\"article\" \/>\n<meta property=\"og:title\" content=\"Mentions l\u00e9gales - By Auri Studio\" \/>\n<meta property=\"og:description\" content=\"Mention l\u00e9gales \u00a0 Conform\u00e9ment aux dispositions des Articles 6-III et 19 de la Loi n\u00b02004-575 du 21 juin 2004 pour la Confiance dans l\u2019\u00e9conomie num\u00e9rique, dite L.C.E.N., il est port\u00e9 \u00e0 la connaissance des Utilisateurs du site les pr\u00e9sentes mentions l\u00e9gales. La connexion et la...\" \/>\n<meta property=\"og:url\" content=\"https:\/\/byauristudio.com\/?page_id=398\" \/>\n<meta property=\"og:site_name\" content=\"By Auri Studio\" \/>\n<meta property=\"article:modified_time\" content=\"2022-11-03T00:50:39+00:00\" \/>\n<meta name=\"twitter:card\" content=\"summary_large_image\" \/>\n<meta name=\"twitter:label1\" content=\"Est. reading time\" \/>\n\t<meta name=\"twitter:data1\" content=\"2 minutes\" \/>\n<script type=\"application\/ld+json\" class=\"yoast-schema-graph\">{\"@context\":\"https:\/\/schema.org\",\"@graph\":[{\"@type\":\"WebPage\",\"@id\":\"https:\/\/byauristudio.com\/?page_id=398\",\"url\":\"https:\/\/byauristudio.com\/?page_id=398\",\"name\":\"Mentions l\u00e9gales - By Auri Studio\",\"isPartOf\":{\"@id\":\"https:\/\/byauristudio.com\/#website\"},\"datePublished\":\"2022-11-02T00:17:59+00:00\",\"dateModified\":\"2022-11-03T00:50:39+00:00\",\"breadcrumb\":{\"@id\":\"https:\/\/byauristudio.com\/?page_id=398#breadcrumb\"},\"inLanguage\":\"en-US\",\"potentialAction\":[{\"@type\":\"ReadAction\",\"target\":[\"https:\/\/byauristudio.com\/?page_id=398\"]}]},{\"@type\":\"BreadcrumbList\",\"@id\":\"https:\/\/byauristudio.com\/?page_id=398#breadcrumb\",\"itemListElement\":[{\"@type\":\"ListItem\",\"position\":1,\"name\":\"Accueil\",\"item\":\"https:\/\/byauristudio.com\/\"},{\"@type\":\"ListItem\",\"position\":2,\"name\":\"Mentions l\u00e9gales\"}]},{\"@type\":\"WebSite\",\"@id\":\"https:\/\/byauristudio.com\/#website\",\"url\":\"https:\/\/byauristudio.com\/\",\"name\":\"By Auri Studio\",\"description\":\"By Auri Studio\",\"potentialAction\":[{\"@type\":\"SearchAction\",\"target\":{\"@type\":\"EntryPoint\",\"urlTemplate\":\"https:\/\/byauristudio.com\/?s={search_term_string}\"},\"query-input\":{\"@type\":\"PropertyValueSpecification\",\"valueRequired\":true,\"valueName\":\"search_term_string\"}}],\"inLanguage\":\"en-US\"}]}<\/script>\n<!-- \/ Yoast SEO plugin. -->","yoast_head_json":{"title":"Mentions l\u00e9gales - By Auri Studio","robots":{"index":"index","follow":"follow","max-snippet":"max-snippet:-1","max-image-preview":"max-image-preview:large","max-video-preview":"max-video-preview:-1"},"canonical":"https:\/\/byauristudio.com\/?page_id=398","og_locale":"en_US","og_type":"article","og_title":"Mentions l\u00e9gales - By Auri Studio","og_description":"Mention l\u00e9gales \u00a0 Conform\u00e9ment aux dispositions des Articles 6-III et 19 de la Loi n\u00b02004-575 du 21 juin 2004 pour la Confiance dans l\u2019\u00e9conomie num\u00e9rique, dite L.C.E.N., il est port\u00e9 \u00e0 la connaissance des Utilisateurs du site les pr\u00e9sentes mentions l\u00e9gales. La connexion et la...","og_url":"https:\/\/byauristudio.com\/?page_id=398","og_site_name":"By Auri Studio","article_modified_time":"2022-11-03T00:50:39+00:00","twitter_card":"summary_large_image","twitter_misc":{"Est. reading time":"2 minutes"},"schema":{"@context":"https:\/\/schema.org","@graph":[{"@type":"WebPage","@id":"https:\/\/byauristudio.com\/?page_id=398","url":"https:\/\/byauristudio.com\/?page_id=398","name":"Mentions l\u00e9gales - By Auri Studio","isPartOf":{"@id":"https:\/\/byauristudio.com\/#website"},"datePublished":"2022-11-02T00:17:59+00:00","dateModified":"2022-11-03T00:50:39+00:00","breadcrumb":{"@id":"https:\/\/byauristudio.com\/?page_id=398#breadcrumb"},"inLanguage":"en-US","potentialAction":[{"@type":"ReadAction","target":["https:\/\/byauristudio.com\/?page_id=398"]}]},{"@type":"BreadcrumbList","@id":"https:\/\/byauristudio.com\/?page_id=398#breadcrumb","itemListElement":[{"@type":"ListItem","position":1,"name":"Accueil","item":"https:\/\/byauristudio.com\/"},{"@type":"ListItem","position":2,"name":"Mentions l\u00e9gales"}]},{"@type":"WebSite","@id":"https:\/\/byauristudio.com\/#website","url":"https:\/\/byauristudio.com\/","name":"By Auri Studio","description":"By Auri Studio","potentialAction":[{"@type":"SearchAction","target":{"@type":"EntryPoint","urlTemplate":"https:\/\/byauristudio.com\/?s={search_term_string}"},"query-input":{"@type":"PropertyValueSpecification","valueRequired":true,"valueName":"search_term_string"}}],"inLanguage":"en-US"}]}},"_links":{"self":[{"href":"https:\/\/byauristudio.com\/index.php?rest_route=\/wp\/v2\/pages\/398"}],"collection":[{"href":"https:\/\/byauristudio.com\/index.php?rest_route=\/wp\/v2\/pages"}],"about":[{"href":"https:\/\/byauristudio.com\/index.php?rest_route=\/wp\/v2\/types\/page"}],"author":[{"embeddable":true,"href":"https:\/\/byauristudio.com\/index.php?rest_route=\/wp\/v2\/users\/1"}],"replies":[{"embeddable":true,"href":"https:\/\/byauristudio.com\/index.php?rest_route=%2Fwp%2Fv2%2Fcomments&post=398"}],"version-history":[{"count":10,"href":"https:\/\/byauristudio.com\/index.php?rest_route=\/wp\/v2\/pages\/398\/revisions"}],"predecessor-version":[{"id":568,"href":"https:\/\/byauristudio.com\/index.php?rest_route=\/wp\/v2\/pages\/398\/revisions\/568"}],"wp:attachment":[{"href":"https:\/\/byauristudio.com\/index.php?rest_route=%2Fwp%2Fv2%2Fmedia&parent=398"}],"curies":[{"name":"wp","href":"https:\/\/api.w.org\/{rel}","templated":true}]}}